{"id":21,"date":"2018-08-29T16:59:15","date_gmt":"2018-08-29T13:59:15","guid":{"rendered":"http:\/\/temalar5.temadijital.com\/transfer-1\/?page_id=21"},"modified":"2023-11-17T10:46:07","modified_gmt":"2023-11-17T07:46:07","slug":"hakkimizda","status":"publish","type":"page","link":"https:\/\/www.antalyafamilytransfer.com\/ru\/hakkimizda\/","title":{"rendered":"\u043e \u043d\u0430\u0441"},"content":{"rendered":"<p>\u041c\u044b \u0441\u0442\u0440\u0435\u043c\u0438\u043c\u0441\u044f \u043f\u0440\u0435\u0434\u043e\u0441\u0442\u0430\u0432\u043b\u044f\u0442\u044c \u0443\u0441\u043b\u0443\u0433\u0438 \u0432\u044b\u0441\u043e\u0447\u0430\u0439\u0448\u0435\u0433\u043e \u043a\u0430\u0447\u0435\u0441\u0442\u0432\u0430 \u0441 \u043d\u0430\u0448\u0438\u043c\u0438 \u043e\u043f\u044b\u0442\u043d\u044b\u043c\u0438 \u043e\u043f\u044b\u0442\u043d\u044b\u043c\u0438 \u0432\u043e\u0434\u0438\u0442\u0435\u043b\u044f\u043c\u0438 \u0438 \u043f\u0435\u0440\u0441\u043e\u043d\u0430\u043b\u043e\u043c. \u041c\u044b \u043f\u0440\u0435\u0434\u043b\u0430\u0433\u0430\u0435\u043c \u0443\u0441\u043b\u0443\u0433\u0443 VIP-\u0442\u0440\u0430\u043d\u0441\u0444\u0435\u0440\u0430 \u0432 \u0436\u0435\u043b\u0430\u0435\u043c\u044b\u0439 \u043e\u0442\u0435\u043b\u044c \u0438\u043b\u0438 \u0430\u0434\u0440\u0435\u0441 \u0432 \u043d\u0430\u0448\u0435\u043c \u043e\u0444\u0438\u0441\u0435 \u043d\u0435\u0434\u0430\u043b\u0435\u043a\u043e \u043e\u0442 \u0430\u044d\u0440\u043e\u043f\u043e\u0440\u0442\u0430. \u0422\u0430\u043a\u0436\u0435 \u043f\u043e\u0434\u0431\u0438\u0440\u0430\u0435\u043c \u043e\u0442\u0435\u043b\u044c \u0438\u043b\u0438 \u0430\u0434\u0440\u0435\u0441 \u0438 \u0442\u0440\u0430\u043d\u0441\u0444\u0435\u0440 \u0432 \u0430\u044d\u0440\u043e\u043f\u043e\u0440\u0442. \u041c\u044b \u043e\u0441\u0443\u0449\u0435\u0441\u0442\u0432\u043b\u044f\u0435\u043c \u0442\u0440\u0430\u043d\u0441\u0444\u0435\u0440\u044b \u0441\u043f\u0435\u0446\u0438\u0430\u043b\u044c\u043d\u044b\u043c \u0442\u0440\u0430\u043d\u0441\u043f\u043e\u0440\u0442\u043e\u043c, \u043d\u0438 \u043e\u0442 \u043a\u043e\u0433\u043e \u043d\u0435 \u0437\u0430\u0432\u0438\u0441\u044f. \u0421\u0430\u043c\u044b\u043c \u0431\u044b\u0441\u0442\u0440\u044b\u043c, \u0443\u0434\u043e\u0431\u043d\u044b\u043c \u0438 \u044d\u043a\u043e\u043d\u043e\u043c\u0438\u0447\u043d\u044b\u043c \u0441\u043f\u043e\u0441\u043e\u0431\u043e\u043c.<\/p>\n<p><strong>Antalya Family Transfer;<\/strong><\/p>\n<ul>\n<li>\u0421\u0430\u043c\u0430\u044f \u0440\u0430\u0437\u0443\u043c\u043d\u0430\u044f \u0446\u0435\u043d\u0430<\/li>\n<li>\u041a\u0440\u0443\u0433\u043b\u043e\u0441\u0443\u0442\u043e\u0447\u043d\u043e\u0435 \u043e\u0431\u0441\u043b\u0443\u0436\u0438\u0432\u0430\u043d\u0438\u0435<\/li>\n<li>\u0427\u0430\u0441\u0442\u043d\u044b\u0439 \u043e\u0442\u0435\u043b\u044c, \u0441\u0442\u0440\u0430\u043d\u0441\u0442\u0432\u0443\u044e\u0449\u0438\u0439<\/li>\n<li>\u041c\u0433\u043d\u043e\u0432\u0435\u043d\u043d\u043e\u0435 \u0440\u0435\u0448\u0435\u043d\u0438\u0435 \u0432\u0430\u0448\u0438\u0445 \u043d\u0435\u043e\u0442\u043b\u043e\u0436\u043d\u044b\u0445 \u0442\u0440\u0430\u043d\u0441\u043f\u043e\u0440\u0442\u043d\u044b\u0445 \u043f\u043e\u0442\u0440\u0435\u0431\u043d\u043e\u0441\u0442\u0435\u0439<\/li>\n<li>\u041f\u0440\u043e\u0444\u0435\u0441\u0441\u0438\u043e\u043d\u0430\u043b\u044c\u043d\u044b\u0435 \u0432\u043e\u0434\u0438\u0442\u0435\u043b\u0438 \u0438 \u0434\u0440\u0443\u0436\u0435\u043b\u044e\u0431\u043d\u044b\u0439 \u043f\u0435\u0440\u0441\u043e\u043d\u0430\u043b<\/li>\n<li>\u041d\u0435 \u0436\u0434\u0438\u0442\u0435 \u0434\u0440\u0443\u0433\u0438\u0445 \u0433\u043e\u0441\u0442\u0435\u0439<\/li>\n<li>\u0412\u0441\u0442\u0440\u0435\u0447\u0430 \u0432\u0430\u0441 \u0441 \u0432\u0430\u0448\u0438\u043c \u0438\u043c\u0435\u043d\u0435\u043c \u0432 \u0430\u044d\u0440\u043e\u043f\u043e\u0440\u0442\u0443<\/li>\n<\/ul>\n<p><strong>Antalya Family Transfer<\/strong><\/p>","protected":false},"excerpt":{"rendered":"<p>Tecr\u00fcbeli uzman \u015fof\u00f6r ve personelimiz ile en kalite hizmeti vermeyi hedefliyoruz. Havaliman\u0131na yak\u0131n ofisimiz ile iste\u011finiz otel veya adrese vip transfer hizmeti sunuyoruz. Bunun birlikte otelden yada adres al\u0131p havaliman\u0131 transferi yap\u0131yoruz. Tamam\u0131 size \u00f6zel ara\u00e7larla hi\u00e7 bir kimseye ba\u011fl\u0131 kalmadan transfer yap\u0131yoruz. En h\u0131zl\u0131 en konforlu ve en ekonomik \u015fekilde. Antalya Family Transfer; En [&hellip;]<\/p>\n","protected":false},"author":3,"featured_media":560,"parent":0,"menu_order":0,"comment_status":"closed","ping_status":"closed","template":"","meta":{"footnotes":""},"class_list":["post-21","page","type-page","status-publish","has-post-thumbnail","hentry"],"_links":{"self":[{"href":"https:\/\/www.antalyafamilytransfer.com\/ru\/wp-json\/wp\/v2\/pages\/21","targetHints":{"allow":["GET"]}}],"collection":[{"href":"https:\/\/www.antalyafamilytransfer.com\/ru\/wp-json\/wp\/v2\/pages"}],"about":[{"href":"https:\/\/www.antalyafamilytransfer.com\/ru\/wp-json\/wp\/v2\/types\/page"}],"author":[{"embeddable":true,"href":"https:\/\/www.antalyafamilytransfer.com\/ru\/wp-json\/wp\/v2\/users\/3"}],"replies":[{"embeddable":true,"href":"https:\/\/www.antalyafamilytransfer.com\/ru\/wp-json\/wp\/v2\/comments?post=21"}],"version-history":[{"count":3,"href":"https:\/\/www.antalyafamilytransfer.com\/ru\/wp-json\/wp\/v2\/pages\/21\/revisions"}],"predecessor-version":[{"id":557,"href":"https:\/\/www.antalyafamilytransfer.com\/ru\/wp-json\/wp\/v2\/pages\/21\/revisions\/557"}],"wp:featuredmedia":[{"embeddable":true,"href":"https:\/\/www.antalyafamilytransfer.com\/ru\/wp-json\/wp\/v2\/media\/560"}],"wp:attachment":[{"href":"https:\/\/www.antalyafamilytransfer.com\/ru\/wp-json\/wp\/v2\/media?parent=21"}],"curies":[{"name":"wp","href":"https:\/\/api.w.org\/{rel}","templated":true}]}}