{"id":21,"date":"2018-08-29T16:59:15","date_gmt":"2018-08-29T13:59:15","guid":{"rendered":"http:\/\/temalar5.temadijital.com\/transfer-1\/?page_id=21"},"modified":"2023-11-17T10:46:07","modified_gmt":"2023-11-17T07:46:07","slug":"hakkimizda","status":"publish","type":"page","link":"https:\/\/www.antalyafamilytransfer.com\/en\/hakkimizda\/","title":{"rendered":"About Us"},"content":{"rendered":"<p>We aim to provide the highest quality service with our experienced expert drivers and staff. We offer VIP transfer service to your desired hotel or address with our office close to the airport. We also get the hotel or address and transfer to the airport. We make transfers with special vehicles, without being dependent on anyone. In the fastest, most comfortable and most economical way.<\/p>\n<p><strong>Antalya Family Transfer;<\/strong><\/p>\n<ul>\n<li>The most reasonable price<\/li>\n<li>24\/7 service<\/li>\n<li>Private hotel wandering<\/li>\n<li>Instant solution to your urgent transportation needs<\/li>\n<li>Professional drivers and friendly staff<\/li>\n<li>Do not wait for any other guests<\/li>\n<li>Welcoming you with your name at the airport<\/li>\n<\/ul>\n<p><strong>Antalya Family Transfer<\/strong><\/p>","protected":false},"excerpt":{"rendered":"<p>Tecr\u00fcbeli uzman \u015fof\u00f6r ve personelimiz ile en kalite hizmeti vermeyi hedefliyoruz. Havaliman\u0131na yak\u0131n ofisimiz ile iste\u011finiz otel veya adrese vip transfer hizmeti sunuyoruz. Bunun birlikte otelden yada adres al\u0131p havaliman\u0131 transferi yap\u0131yoruz. Tamam\u0131 size \u00f6zel ara\u00e7larla hi\u00e7 bir kimseye ba\u011fl\u0131 kalmadan transfer yap\u0131yoruz. En h\u0131zl\u0131 en konforlu ve en ekonomik \u015fekilde. Antalya Family Transfer; En [&hellip;]<\/p>\n","protected":false},"author":3,"featured_media":560,"parent":0,"menu_order":0,"comment_status":"closed","ping_status":"closed","template":"","meta":{"footnotes":""},"class_list":["post-21","page","type-page","status-publish","has-post-thumbnail","hentry"],"_links":{"self":[{"href":"https:\/\/www.antalyafamilytransfer.com\/en\/wp-json\/wp\/v2\/pages\/21","targetHints":{"allow":["GET"]}}],"collection":[{"href":"https:\/\/www.antalyafamilytransfer.com\/en\/wp-json\/wp\/v2\/pages"}],"about":[{"href":"https:\/\/www.antalyafamilytransfer.com\/en\/wp-json\/wp\/v2\/types\/page"}],"author":[{"embeddable":true,"href":"https:\/\/www.antalyafamilytransfer.com\/en\/wp-json\/wp\/v2\/users\/3"}],"replies":[{"embeddable":true,"href":"https:\/\/www.antalyafamilytransfer.com\/en\/wp-json\/wp\/v2\/comments?post=21"}],"version-history":[{"count":3,"href":"https:\/\/www.antalyafamilytransfer.com\/en\/wp-json\/wp\/v2\/pages\/21\/revisions"}],"predecessor-version":[{"id":557,"href":"https:\/\/www.antalyafamilytransfer.com\/en\/wp-json\/wp\/v2\/pages\/21\/revisions\/557"}],"wp:featuredmedia":[{"embeddable":true,"href":"https:\/\/www.antalyafamilytransfer.com\/en\/wp-json\/wp\/v2\/media\/560"}],"wp:attachment":[{"href":"https:\/\/www.antalyafamilytransfer.com\/en\/wp-json\/wp\/v2\/media?parent=21"}],"curies":[{"name":"wp","href":"https:\/\/api.w.org\/{rel}","templated":true}]}}