{"id":21,"date":"2018-08-29T16:59:15","date_gmt":"2018-08-29T13:59:15","guid":{"rendered":"http:\/\/temalar5.temadijital.com\/transfer-1\/?page_id=21"},"modified":"2023-11-17T10:46:07","modified_gmt":"2023-11-17T07:46:07","slug":"hakkimizda","status":"publish","type":"page","link":"https:\/\/www.antalyafamilytransfer.com\/de\/hakkimizda\/","title":{"rendered":"\u00fcber uns"},"content":{"rendered":"<p>Unser Ziel ist es, mit unseren erfahrenen, fachkundigen Fahrern und Mitarbeitern die h\u00f6chste Servicequalit\u00e4t zu bieten. Wir bieten einen VIP-Transferservice zu Ihrem gew\u00fcnschten Hotel oder Ihrer gew\u00fcnschten Adresse mit unserem B\u00fcro in der N\u00e4he des Flughafens. Wir holen auch das Hotel oder die Adresse ab und bringen Sie zum Flughafen. Wir f\u00fchren Transfers mit Spezialfahrzeugen durch, ohne von irgendjemandem abh\u00e4ngig zu sein. Auf die schnellste, bequemste und wirtschaftlichste Art und Weise.<\/p>\n<p><strong>Antalya Family Transfer;<\/strong><\/p>\n<ul>\n<li>Der g\u00fcnstigste Preis<\/li>\n<li>24\/7-Service<\/li>\n<li>Privates Hotelwandern<\/li>\n<li>Sofortige L\u00f6sung f\u00fcr Ihre dringenden Transportbed\u00fcrfnisse<\/li>\n<li>Professionelle Fahrer und freundliches Personal<\/li>\n<li>Warten Sie nicht auf andere G\u00e4ste<\/li>\n<li>Begr\u00fc\u00dfung mit Ihrem Namen am Flughafen<\/li>\n<\/ul>\n<p><strong>Antalya Family Transfer<\/strong><\/p>","protected":false},"excerpt":{"rendered":"<p>Tecr\u00fcbeli uzman \u015fof\u00f6r ve personelimiz ile en kalite hizmeti vermeyi hedefliyoruz. Havaliman\u0131na yak\u0131n ofisimiz ile iste\u011finiz otel veya adrese vip transfer hizmeti sunuyoruz. Bunun birlikte otelden yada adres al\u0131p havaliman\u0131 transferi yap\u0131yoruz. Tamam\u0131 size \u00f6zel ara\u00e7larla hi\u00e7 bir kimseye ba\u011fl\u0131 kalmadan transfer yap\u0131yoruz. En h\u0131zl\u0131 en konforlu ve en ekonomik \u015fekilde. Antalya Family Transfer; En [&hellip;]<\/p>\n","protected":false},"author":3,"featured_media":560,"parent":0,"menu_order":0,"comment_status":"closed","ping_status":"closed","template":"","meta":{"footnotes":""},"class_list":["post-21","page","type-page","status-publish","has-post-thumbnail","hentry"],"_links":{"self":[{"href":"https:\/\/www.antalyafamilytransfer.com\/de\/wp-json\/wp\/v2\/pages\/21","targetHints":{"allow":["GET"]}}],"collection":[{"href":"https:\/\/www.antalyafamilytransfer.com\/de\/wp-json\/wp\/v2\/pages"}],"about":[{"href":"https:\/\/www.antalyafamilytransfer.com\/de\/wp-json\/wp\/v2\/types\/page"}],"author":[{"embeddable":true,"href":"https:\/\/www.antalyafamilytransfer.com\/de\/wp-json\/wp\/v2\/users\/3"}],"replies":[{"embeddable":true,"href":"https:\/\/www.antalyafamilytransfer.com\/de\/wp-json\/wp\/v2\/comments?post=21"}],"version-history":[{"count":3,"href":"https:\/\/www.antalyafamilytransfer.com\/de\/wp-json\/wp\/v2\/pages\/21\/revisions"}],"predecessor-version":[{"id":557,"href":"https:\/\/www.antalyafamilytransfer.com\/de\/wp-json\/wp\/v2\/pages\/21\/revisions\/557"}],"wp:featuredmedia":[{"embeddable":true,"href":"https:\/\/www.antalyafamilytransfer.com\/de\/wp-json\/wp\/v2\/media\/560"}],"wp:attachment":[{"href":"https:\/\/www.antalyafamilytransfer.com\/de\/wp-json\/wp\/v2\/media?parent=21"}],"curies":[{"name":"wp","href":"https:\/\/api.w.org\/{rel}","templated":true}]}}